{"id":2975,"date":"2024-07-16T13:12:38","date_gmt":"2024-07-16T11:12:38","guid":{"rendered":"https:\/\/zebrac.de\/?page_id=2975"},"modified":"2026-01-02T11:20:26","modified_gmt":"2026-01-02T10:20:26","slug":"programme","status":"publish","type":"page","link":"https:\/\/zebra-startups.de\/en\/programme\/","title":{"rendered":"Programm \u00dcbersicht"},"content":{"rendered":"<p>[et_pb_section fb_built=&#8220;1&#8243; _builder_version=&#8220;4.24.2&#8243; background_enable_color=&#8220;off&#8220; use_background_color_gradient=&#8220;on&#8220; background_color_gradient_direction=&#8220;90deg&#8220; background_color_gradient_stops=&#8220;#8c52ff 0%|#c7ff47 100%&#8220; background_color_gradient_overlays_image=&#8220;on&#8220; background_color_gradient_start=&#8220;#8c52ff&#8220; background_color_gradient_end=&#8220;#c7ff47&#8243; background_image=&#8220;https:\/\/zebrac.de\/wp-content\/uploads\/2024\/06\/cropped-RGB_ZEBRA_startups_Logo_bw.png&#8220; background_blend=&#8220;lighten&#8220; global_colors_info=&#8220;{}&#8220;][et_pb_row column_structure=&#8220;3_5,2_5&#8243; _builder_version=&#8220;4.16&#8243; custom_padding=&#8220;41px|||||&#8220; global_colors_info=&#8220;{}&#8220;][et_pb_column type=&#8220;3_5&#8243; _builder_version=&#8220;4.16&#8243; global_colors_info=&#8220;{}&#8220;][et_pb_text content_tablet=&#8220;<\/p>\n<h1>Lorem Ipsum Lorem Ipsum Lorem Ipsum<\/h1>\n<p>&#8220; content_phone=&#8220;<\/p>\n<h1>ZEBRA Startups: Unsere Programme<\/h1>\n<p>&#8220; content_last_edited=&#8220;on|phone&#8220; _builder_version=&#8220;4.24.2&#8243; header_font_size_tablet=&#8220;&#8220; header_font_size_phone=&#8220;40px&#8220; header_font_size_last_edited=&#8220;on|phone&#8220; global_colors_info=&#8220;{}&#8220;]<\/p>\n<h1>ZEBRA Startups &#8211; unsere Programme<\/h1>\n<p>&nbsp;<\/p>\n<p>[\/et_pb_text][et_pb_text _builder_version=&#8220;4.24.2&#8243; header_font=&#8220;|700|||||||&#8220; header_2_font=&#8220;|700|||||||&#8220; header_2_text_color=&#8220;#ffffff&#8220; header_2_font_size=&#8220;30px&#8220; header_2_line_height=&#8220;1.1em&#8220; custom_padding=&#8220;||15px||false|false&#8220; inline_fonts=&#8220;Arial&#8220; global_colors_info=&#8220;{}&#8220;]<\/p>\n<p class=\"cvGsUA direction-ltr align-start para-style-body\"><span class=\"OYPEnA text-decoration-none text-strikethrough-none\">Wir sind davon \u00fcberzeugt, dass <\/span><span class=\"OYPEnA text-decoration-none text-strikethrough-none\">nachhaltiges Unternehmertum<\/span><span class=\"OYPEnA text-decoration-none text-strikethrough-none\"> ein wesentlicher Faktor in der Bek\u00e4mpfung des Klimawandels ist. <\/span><span class=\"OYPEnA text-decoration-none text-strikethrough-none\">Gerade junge Unternehmen k\u00f6nnen hierbei die treibende Kraft f\u00fcr soziale, \u00f6kologische und \u00f6konomische Innovationen sein.<\/span><\/p>\n<p class=\"cvGsUA direction-ltr align-start para-style-body\"><span class=\"OYPEnA text-decoration-none text-strikethrough-none\">Aus diesem Grund f\u00f6rdern wir mit unseren Programmen<\/span><span class=\"OYPEnA text-decoration-none text-strikethrough-none\">\u00a0<strong>Startups mit nachhaltige Ideen<\/strong><\/span><span class=\"OYPEnA text-decoration-none text-strikethrough-none\">, die in Form von Produkten, Dienstleistungen oder Gesch\u00e4ftsmodellen einen <\/span><strong><span class=\"OYPEnA text-decoration-none text-strikethrough-none\">positiven Impact<\/span><\/strong><span class=\"OYPEnA text-decoration-none text-strikethrough-none\"> auf unsere Welt haben werden.<\/span><\/p>\n<p class=\"cvGsUA direction-ltr align-start para-style-body\"><span class=\"OYPEnA text-decoration-none text-strikethrough-none\">Following the maxim: <\/span><strong><span class=\"OYPEnA text-decoration-none text-strikethrough-none\">Do Good and Make Money.<\/span><\/strong><\/p>\n<p>[\/et_pb_text][\/et_pb_column][et_pb_column type=&#8220;2_5&#8243; _builder_version=&#8220;4.16&#8243; global_colors_info=&#8220;{}&#8220;][et_pb_image src=&#8220;https:\/\/zebrac.de\/wp-content\/uploads\/2024\/06\/cropped-RGB_ZEBRA_startups_Logo_bw.png&#8220; title_text=&#8220;cropped-RGB_ZEBRA_startups_Logo_bw.png&#8220; _builder_version=&#8220;4.24.2&#8243; _module_preset=&#8220;default&#8220; custom_margin=&#8220;|-193px||||&#8220; custom_padding=&#8220;|232px||||&#8220; global_colors_info=&#8220;{}&#8220;][\/et_pb_image][\/et_pb_column][\/et_pb_row][\/et_pb_section][et_pb_section fb_built=&#8220;1&#8243; _builder_version=&#8220;4.24.2&#8243; background_color=&#8220;rgba(199,255,71,0.15)&#8220; min_height=&#8220;605.8px&#8220; custom_margin=&#8220;-3px|||||&#8220; custom_padding=&#8220;45px|||||&#8220; locked=&#8220;off&#8220; global_colors_info=&#8220;{}&#8220;][et_pb_row disabled_on=&#8220;off|off|off&#8220; _builder_version=&#8220;4.24.2&#8243; _module_preset=&#8220;default&#8220; global_colors_info=&#8220;{}&#8220;][et_pb_column type=&#8220;4_4&#8243; _builder_version=&#8220;4.24.2&#8243; _module_preset=&#8220;default&#8220; global_colors_info=&#8220;{}&#8220;][et_pb_heading title=&#8220;Unsere Programme in der \u00dcbersicht&#8220; _builder_version=&#8220;4.24.2&#8243; _module_preset=&#8220;default&#8220; global_colors_info=&#8220;{}&#8220;][\/et_pb_heading][dnxte_multi_heading text_two=&#8220;ZEBRA Incubator&#8220; display_type_select=&#8220;on&#8220; _builder_version=&#8220;4.24.2&#8243; text_one_font=&#8220;|600|||||||&#8220; text_two_font=&#8220;|600|||||||&#8220; text_two_text_color=&#8220;#8300e9&#8243; text_three_font=&#8220;|600|||||||&#8220; custom_padding=&#8220;|||0px||&#8220; global_colors_info=&#8220;{}&#8220;][\/dnxte_multi_heading][et_pb_text _builder_version=&#8220;4.24.2&#8243; _module_preset=&#8220;default&#8220; custom_margin=&#8220;||30px|||&#8220; global_colors_info=&#8220;{}&#8220;]<\/p>\n<p>The Incubator Programme is aimed at founders and those interested in founding a company with innovative ideas in the fields of GreenTech and Impact who want to validate their idea and develop a prototype.<\/p>\n<p>[\/et_pb_text][et_pb_button button_url=&#8220;https:\/\/zebrac.de\/incubator\/&#8220; url_new_window=&#8220;on&#8220; button_text=&#8220;Mehr erfahren&#8220; _builder_version=&#8220;4.24.2&#8243; _module_preset=&#8220;default&#8220; global_colors_info=&#8220;{}&#8220;][\/et_pb_button][dnxte_multi_heading text_two=&#8220;ZEBRA Accelerator &#8220; display_type_select=&#8220;on&#8220; _builder_version=&#8220;4.24.2&#8243; text_one_font=&#8220;|600|||||||&#8220; text_two_font=&#8220;|600|||||||&#8220; text_two_text_color=&#8220;#8300e9&#8243; text_three_font=&#8220;|600|||||||&#8220; min_height=&#8220;64px&#8220; custom_padding=&#8220;|||0px||&#8220; global_colors_info=&#8220;{}&#8220;][\/dnxte_multi_heading][et_pb_text _builder_version=&#8220;4.24.2&#8243; _module_preset=&#8220;default&#8220; custom_padding=&#8220;||31px|||&#8220; global_colors_info=&#8220;{}&#8220;]<\/p>\n<p><span><span class=\"ui-provider a b c d e f g h i j k l m n o p q r s t u v w x y z ab ac ae af ag ah ai aj ak\" dir=\"ltr\">With our Accelerator programme, we support start-ups with a focus on GreenTech and Impact in examining their business model and tackling individual challenges.<\/span><\/span><\/p>\n<p>[\/et_pb_text][et_pb_button button_url=&#8220;https:\/\/zebra-startups.de\/accelerator\/&#8220; url_new_window=&#8220;on&#8220; button_text=&#8220;Mehr erfahren&#8220; _builder_version=&#8220;4.24.2&#8243; _module_preset=&#8220;default&#8220; hover_enabled=&#8220;0&#8243; global_colors_info=&#8220;{}&#8220; sticky_enabled=&#8220;0&#8243;][\/et_pb_button][dnxte_multi_heading text_two=&#8220;ZEBRA Investment Masterclass&#8220; display_type_select=&#8220;on&#8220; _builder_version=&#8220;4.24.2&#8243; text_one_font=&#8220;|600|||||||&#8220; text_two_font=&#8220;|600|||||||&#8220; text_two_text_color=&#8220;#8300e9&#8243; text_three_font=&#8220;|600|||||||&#8220; custom_padding=&#8220;|||0px||&#8220; global_colors_info=&#8220;{}&#8220;][\/dnxte_multi_heading][et_pb_text _builder_version=&#8220;4.24.2&#8243; _module_preset=&#8220;default&#8220; custom_padding=&#8220;||29px|||&#8220; global_colors_info=&#8220;{}&#8220;]<\/p>\n<p>Our Investment Masterclass is aimed at startups with innovative products from the GreenTech and Impact sectors that are about to receive their first round of financing.<\/p>\n<p>[\/et_pb_text][et_pb_button button_url=&#8220;https:\/\/zebrac.de\/investmentmasterclass\/&#8220; url_new_window=&#8220;on&#8220; button_text=&#8220;Mehr erfahren&#8220; _builder_version=&#8220;4.24.2&#8243; _module_preset=&#8220;default&#8220; global_colors_info=&#8220;{}&#8220;][\/et_pb_button][\/et_pb_column][\/et_pb_row][\/et_pb_section][et_pb_section fb_built=&#8220;1&#8243; _builder_version=&#8220;4.16&#8243; background_color=&#8220;#8c52ff&#8220; locked=&#8220;off&#8220; global_colors_info=&#8220;{}&#8220;][et_pb_row _builder_version=&#8220;4.16&#8243; global_colors_info=&#8220;{}&#8220;][et_pb_column type=&#8220;4_4&#8243; _builder_version=&#8220;4.16&#8243; global_colors_info=&#8220;{}&#8220;][et_pb_text _builder_version=&#8220;4.24.2&#8243; text_font=&#8220;|300|||||||&#8220; text_text_color=&#8220;#ffffff&#8220; min_height=&#8220;49.6px&#8220; custom_margin=&#8220;||-11px||false|false&#8220; global_colors_info=&#8220;{}&#8220;]<\/p>\n<p>ZEBRA Startups Newsletter<\/p>\n<p>[\/et_pb_text][et_pb_text _builder_version=&#8220;4.24.2&#8243; _module_preset=&#8220;default&#8220; text_text_color=&#8220;#ffffff&#8220; global_colors_info=&#8220;{}&#8220;]<\/p>\n<h3>Never miss out!<\/h3>\n<p>Melde dich zu unserem Newsletter an und bleibe auf dem Laufenden. Du verpasst keine Bewerbungsphase mehr und erh\u00e4ltst Regelm\u00e4\u00dfig spannende Neuigkeiten aus dem Startup Village J\u00fclich.<\/p>\n<p>[\/et_pb_text][et_pb_button button_url=&#8220;https:\/\/startupvillage.nrw\/newsletter\/&#8220; url_new_window=&#8220;on&#8220; button_text=&#8220;Jetzt anmelden!&#8220; button_alignment=&#8220;left&#8220; _builder_version=&#8220;4.24.2&#8243; _module_preset=&#8220;default&#8220; custom_button=&#8220;on&#8220; button_text_color=&#8220;#000000&#8243; button_bg_color=&#8220;#c7ff47&#8243; button_border_width=&#8220;10px&#8220; button_border_color=&#8220;RGBA(255,255,255,0)&#8220; button_border_radius=&#8220;27px&#8220; button_use_icon=&#8220;off&#8220; custom_padding=&#8220;0px|||||&#8220; global_colors_info=&#8220;{}&#8220;][\/et_pb_button][et_pb_heading _builder_version=&#8220;4.24.2&#8243; _module_preset=&#8220;default&#8220; global_colors_info=&#8220;{}&#8220;][\/et_pb_heading][\/et_pb_column][\/et_pb_row][\/et_pb_section]<\/p>","protected":false},"excerpt":{"rendered":"<p>ZEBRA Startups &#8211; unsere Programme &nbsp;Wir sind davon \u00fcberzeugt, dass nachhaltiges Unternehmertum ein wesentlicher Faktor in der Bek\u00e4mpfung des Klimawandels ist. Gerade junge Unternehmen k\u00f6nnen hierbei die treibende Kraft f\u00fcr soziale, \u00f6kologische und \u00f6konomische Innovationen sein. Aus diesem Grund f\u00f6rdern wir mit unseren Programmen\u00a0Startups mit nachhaltige Ideen, die in Form von Produkten, Dienstleistungen oder Gesch\u00e4ftsmodellen [&hellip;]<\/p>","protected":false},"author":9,"featured_media":0,"parent":0,"menu_order":0,"comment_status":"closed","ping_status":"closed","template":"","meta":{"_et_pb_use_builder":"on","_et_pb_old_content":"","_et_gb_content_width":"","footnotes":""},"class_list":["post-2975","page","type-page","status-publish","hentry"],"yoast_head":"<!-- This site is optimized with the Yoast SEO plugin v22.1 - https:\/\/yoast.com\/wordpress\/plugins\/seo\/ -->\n<title>Programm \u00dcbersicht - ZEBRA Startups<\/title>\n<meta name=\"description\" content=\"ZEBRA Startups bietet strukturierte Starthilfe f\u00fcr Startups aus GreenTech und Impact an verschiedenen Punkten ihrer Entwicklung.\" \/>\n<meta name=\"robots\" content=\"index, follow, max-snippet:-1, max-image-preview:large, max-video-preview:-1\" \/>\n<link rel=\"canonical\" href=\"https:\/\/zebra-startups.de\/en\/programme\/\" \/>\n<meta property=\"og:locale\" content=\"en_GB\" \/>\n<meta property=\"og:type\" content=\"article\" \/>\n<meta property=\"og:title\" content=\"Programm \u00dcbersicht - ZEBRA Startups\" \/>\n<meta property=\"og:description\" content=\"ZEBRA Startups bietet strukturierte Starthilfe f\u00fcr Startups aus GreenTech und Impact an verschiedenen Punkten ihrer Entwicklung.\" \/>\n<meta property=\"og:url\" content=\"https:\/\/zebra-startups.de\/en\/programme\/\" \/>\n<meta property=\"og:site_name\" content=\"ZEBRA Startups\" \/>\n<meta property=\"article:modified_time\" content=\"2026-01-02T10:20:26+00:00\" \/>\n<meta property=\"og:image\" content=\"https:\/\/zebra-startups.de\/wp-content\/uploads\/2019\/03\/RGB_bw.png\" \/>\n\t<meta property=\"og:image:width\" content=\"332\" \/>\n\t<meta property=\"og:image:height\" content=\"324\" \/>\n\t<meta property=\"og:image:type\" content=\"image\/png\" \/>\n<meta name=\"twitter:card\" content=\"summary_large_image\" \/>\n<meta name=\"twitter:label1\" content=\"Estimated reading time\" \/>\n\t<meta name=\"twitter:data1\" content=\"2 minutes\" \/>\n<script type=\"application\/ld+json\" class=\"yoast-schema-graph\">{\"@context\":\"https:\/\/schema.org\",\"@graph\":[{\"@type\":\"WebPage\",\"@id\":\"https:\/\/zebra-startups.de\/programme\/\",\"url\":\"https:\/\/zebra-startups.de\/programme\/\",\"name\":\"Programm \u00dcbersicht - ZEBRA Startups\",\"isPartOf\":{\"@id\":\"https:\/\/zebra-startups.de\/#website\"},\"datePublished\":\"2024-07-16T11:12:38+00:00\",\"dateModified\":\"2026-01-02T10:20:26+00:00\",\"description\":\"ZEBRA Startups bietet strukturierte Starthilfe f\u00fcr Startups aus GreenTech und Impact an verschiedenen Punkten ihrer Entwicklung.\",\"breadcrumb\":{\"@id\":\"https:\/\/zebra-startups.de\/programme\/#breadcrumb\"},\"inLanguage\":\"en-GB\",\"potentialAction\":[{\"@type\":\"ReadAction\",\"target\":[\"https:\/\/zebra-startups.de\/programme\/\"]}]},{\"@type\":\"BreadcrumbList\",\"@id\":\"https:\/\/zebra-startups.de\/programme\/#breadcrumb\",\"itemListElement\":[{\"@type\":\"ListItem\",\"position\":1,\"name\":\"Startseite\",\"item\":\"https:\/\/zebra-startups.de\/\"},{\"@type\":\"ListItem\",\"position\":2,\"name\":\"Programm \u00dcbersicht\"}]},{\"@type\":\"WebSite\",\"@id\":\"https:\/\/zebra-startups.de\/#website\",\"url\":\"https:\/\/zebra-startups.de\/\",\"name\":\"ZEBRA Startups\",\"description\":\"by Startup Village J\u00fclich\",\"publisher\":{\"@id\":\"https:\/\/zebra-startups.de\/#organization\"},\"alternateName\":\"Zebra Accelerator\",\"potentialAction\":[{\"@type\":\"SearchAction\",\"target\":{\"@type\":\"EntryPoint\",\"urlTemplate\":\"https:\/\/zebra-startups.de\/?s={search_term_string}\"},\"query-input\":\"required name=search_term_string\"}],\"inLanguage\":\"en-GB\"},{\"@type\":\"Organization\",\"@id\":\"https:\/\/zebra-startups.de\/#organization\",\"name\":\"Zebrac\",\"alternateName\":\"Zebra Accelerator\",\"url\":\"https:\/\/zebra-startups.de\/\",\"logo\":{\"@type\":\"ImageObject\",\"inLanguage\":\"en-GB\",\"@id\":\"https:\/\/zebra-startups.de\/#\/schema\/logo\/image\/\",\"url\":\"https:\/\/zebrac.de\/wp-content\/uploads\/2019\/03\/RGB_bw.png\",\"contentUrl\":\"https:\/\/zebrac.de\/wp-content\/uploads\/2019\/03\/RGB_bw.png\",\"width\":332,\"height\":324,\"caption\":\"Zebrac\"},\"image\":{\"@id\":\"https:\/\/zebra-startups.de\/#\/schema\/logo\/image\/\"}}]}<\/script>\n<!-- \/ Yoast SEO plugin. -->","yoast_head_json":{"title":"Programm \u00dcbersicht - ZEBRA Startups","description":"ZEBRA Startups bietet strukturierte Starthilfe f\u00fcr Startups aus GreenTech und Impact an verschiedenen Punkten ihrer Entwicklung.","robots":{"index":"index","follow":"follow","max-snippet":"max-snippet:-1","max-image-preview":"max-image-preview:large","max-video-preview":"max-video-preview:-1"},"canonical":"https:\/\/zebra-startups.de\/en\/programme\/","og_locale":"en_GB","og_type":"article","og_title":"Programm \u00dcbersicht - ZEBRA Startups","og_description":"ZEBRA Startups bietet strukturierte Starthilfe f\u00fcr Startups aus GreenTech und Impact an verschiedenen Punkten ihrer Entwicklung.","og_url":"https:\/\/zebra-startups.de\/en\/programme\/","og_site_name":"ZEBRA Startups","article_modified_time":"2026-01-02T10:20:26+00:00","og_image":[{"width":332,"height":324,"url":"https:\/\/zebra-startups.de\/wp-content\/uploads\/2019\/03\/RGB_bw.png","type":"image\/png"}],"twitter_card":"summary_large_image","twitter_misc":{"Estimated reading time":"2 minutes"},"schema":{"@context":"https:\/\/schema.org","@graph":[{"@type":"WebPage","@id":"https:\/\/zebra-startups.de\/programme\/","url":"https:\/\/zebra-startups.de\/programme\/","name":"Programm \u00dcbersicht - ZEBRA Startups","isPartOf":{"@id":"https:\/\/zebra-startups.de\/#website"},"datePublished":"2024-07-16T11:12:38+00:00","dateModified":"2026-01-02T10:20:26+00:00","description":"ZEBRA Startups bietet strukturierte Starthilfe f\u00fcr Startups aus GreenTech und Impact an verschiedenen Punkten ihrer Entwicklung.","breadcrumb":{"@id":"https:\/\/zebra-startups.de\/programme\/#breadcrumb"},"inLanguage":"en-GB","potentialAction":[{"@type":"ReadAction","target":["https:\/\/zebra-startups.de\/programme\/"]}]},{"@type":"BreadcrumbList","@id":"https:\/\/zebra-startups.de\/programme\/#breadcrumb","itemListElement":[{"@type":"ListItem","position":1,"name":"Startseite","item":"https:\/\/zebra-startups.de\/"},{"@type":"ListItem","position":2,"name":"Programm \u00dcbersicht"}]},{"@type":"WebSite","@id":"https:\/\/zebra-startups.de\/#website","url":"https:\/\/zebra-startups.de\/","name":"ZEBRA Startups","description":"by Startup Village J\u00fclich","publisher":{"@id":"https:\/\/zebra-startups.de\/#organization"},"alternateName":"Zebra Accelerator","potentialAction":[{"@type":"SearchAction","target":{"@type":"EntryPoint","urlTemplate":"https:\/\/zebra-startups.de\/?s={search_term_string}"},"query-input":"required name=search_term_string"}],"inLanguage":"en-GB"},{"@type":"Organization","@id":"https:\/\/zebra-startups.de\/#organization","name":"Zebrac","alternateName":"Zebra Accelerator","url":"https:\/\/zebra-startups.de\/","logo":{"@type":"ImageObject","inLanguage":"en-GB","@id":"https:\/\/zebra-startups.de\/#\/schema\/logo\/image\/","url":"https:\/\/zebrac.de\/wp-content\/uploads\/2019\/03\/RGB_bw.png","contentUrl":"https:\/\/zebrac.de\/wp-content\/uploads\/2019\/03\/RGB_bw.png","width":332,"height":324,"caption":"Zebrac"},"image":{"@id":"https:\/\/zebra-startups.de\/#\/schema\/logo\/image\/"}}]}},"_links":{"self":[{"href":"https:\/\/zebra-startups.de\/en\/wp-json\/wp\/v2\/pages\/2975","targetHints":{"allow":["GET"]}}],"collection":[{"href":"https:\/\/zebra-startups.de\/en\/wp-json\/wp\/v2\/pages"}],"about":[{"href":"https:\/\/zebra-startups.de\/en\/wp-json\/wp\/v2\/types\/page"}],"author":[{"embeddable":true,"href":"https:\/\/zebra-startups.de\/en\/wp-json\/wp\/v2\/users\/9"}],"replies":[{"embeddable":true,"href":"https:\/\/zebra-startups.de\/en\/wp-json\/wp\/v2\/comments?post=2975"}],"version-history":[{"count":10,"href":"https:\/\/zebra-startups.de\/en\/wp-json\/wp\/v2\/pages\/2975\/revisions"}],"predecessor-version":[{"id":3849,"href":"https:\/\/zebra-startups.de\/en\/wp-json\/wp\/v2\/pages\/2975\/revisions\/3849"}],"wp:attachment":[{"href":"https:\/\/zebra-startups.de\/en\/wp-json\/wp\/v2\/media?parent=2975"}],"curies":[{"name":"wp","href":"https:\/\/api.w.org\/{rel}","templated":true}]}}