{"id":2397,"date":"2024-03-22T10:57:00","date_gmt":"2024-03-22T09:57:00","guid":{"rendered":"https:\/\/zebrac.de\/?page_id=2397"},"modified":"2024-09-25T13:28:56","modified_gmt":"2024-09-25T11:28:56","slug":"mitgliederbereich","status":"publish","type":"page","link":"https:\/\/zebra-startups.de\/en\/mitgliederbereich\/","title":{"rendered":"Mitgliederbereich"},"content":{"rendered":"<p class='digimember_access_denied digimeber_content_locked'>Sorry! You don't have access to this page.<\/p>","protected":false},"excerpt":{"rendered":"<p>Hier findet ihr alle Unterlagen, Pr\u00e4sentationen und Fotos zu eurem Programm.So war der Kick-Off! Hier einige Eindr\u00fccke von unserem ersten Treffen. Sch\u00f6n, dass ihr da wart!Workshop, 10. September 2024 Orientierung: Stakeholder und Visionen, Dominik Kretschmar, Hochschule D\u00fcsseldorfWorkshop, 12. September 2024 Gestaltung nachhaltiger Lieferketten, Prof. Dr. Lisa Fr\u00f6hlich, ispira Think TankHier geht&#8217;s zur Aufzeichung des Workshops.\u00a0Workshop, [&hellip;]<\/p>","protected":false},"author":9,"featured_media":0,"parent":0,"menu_order":0,"comment_status":"closed","ping_status":"closed","template":"","meta":{"_et_pb_use_builder":"on","_et_pb_old_content":"","_et_gb_content_width":"","footnotes":""},"class_list":["post-2397","page","type-page","status-publish","hentry"],"yoast_head":"<!-- This site is optimized with the Yoast SEO plugin v22.1 - https:\/\/yoast.com\/wordpress\/plugins\/seo\/ -->\n<title>Mitgliederbereich - ZEBRA Startups<\/title>\n<meta name=\"robots\" content=\"index, follow, max-snippet:-1, max-image-preview:large, max-video-preview:-1\" \/>\n<link rel=\"canonical\" href=\"https:\/\/zebra-startups.de\/en\/mitgliederbereich\/\" \/>\n<meta property=\"og:locale\" content=\"en_GB\" \/>\n<meta property=\"og:type\" content=\"article\" \/>\n<meta property=\"og:title\" content=\"Mitgliederbereich - ZEBRA Startups\" \/>\n<meta property=\"og:description\" content=\"Hier findet ihr alle Unterlagen, Pr\u00e4sentationen und Fotos zu eurem Programm.So war der Kick-Off! Hier einige Eindr\u00fccke von unserem ersten Treffen. Sch\u00f6n, dass ihr da wart!Workshop, 10. September 2024 Orientierung: Stakeholder und Visionen, Dominik Kretschmar, Hochschule D\u00fcsseldorfWorkshop, 12. September 2024 Gestaltung nachhaltiger Lieferketten, Prof. Dr. Lisa Fr\u00f6hlich, ispira Think TankHier geht&#039;s zur Aufzeichung des Workshops.\u00a0Workshop, [&hellip;]\" \/>\n<meta property=\"og:url\" content=\"https:\/\/zebra-startups.de\/en\/mitgliederbereich\/\" \/>\n<meta property=\"og:site_name\" content=\"ZEBRA Startups\" \/>\n<meta property=\"article:modified_time\" content=\"2024-09-25T11:28:56+00:00\" \/>\n<meta property=\"og:image\" content=\"https:\/\/zebra-startups.de\/wp-content\/uploads\/2019\/03\/RGB_bw.png\" \/>\n\t<meta property=\"og:image:width\" content=\"332\" \/>\n\t<meta property=\"og:image:height\" content=\"324\" \/>\n\t<meta property=\"og:image:type\" content=\"image\/png\" \/>\n<meta name=\"twitter:card\" content=\"summary_large_image\" \/>\n<script type=\"application\/ld+json\" class=\"yoast-schema-graph\">{\"@context\":\"https:\/\/schema.org\",\"@graph\":[{\"@type\":\"WebPage\",\"@id\":\"https:\/\/zebra-startups.de\/mitgliederbereich\/\",\"url\":\"https:\/\/zebra-startups.de\/mitgliederbereich\/\",\"name\":\"Mitgliederbereich - ZEBRA Startups\",\"isPartOf\":{\"@id\":\"https:\/\/zebra-startups.de\/#website\"},\"datePublished\":\"2024-03-22T09:57:00+00:00\",\"dateModified\":\"2024-09-25T11:28:56+00:00\",\"breadcrumb\":{\"@id\":\"https:\/\/zebra-startups.de\/mitgliederbereich\/#breadcrumb\"},\"inLanguage\":\"en-GB\",\"potentialAction\":[{\"@type\":\"ReadAction\",\"target\":[\"https:\/\/zebra-startups.de\/mitgliederbereich\/\"]}]},{\"@type\":\"BreadcrumbList\",\"@id\":\"https:\/\/zebra-startups.de\/mitgliederbereich\/#breadcrumb\",\"itemListElement\":[{\"@type\":\"ListItem\",\"position\":1,\"name\":\"Startseite\",\"item\":\"https:\/\/zebra-startups.de\/\"},{\"@type\":\"ListItem\",\"position\":2,\"name\":\"Mitgliederbereich\"}]},{\"@type\":\"WebSite\",\"@id\":\"https:\/\/zebra-startups.de\/#website\",\"url\":\"https:\/\/zebra-startups.de\/\",\"name\":\"ZEBRA Startups\",\"description\":\"by Startup Village J\u00fclich\",\"publisher\":{\"@id\":\"https:\/\/zebra-startups.de\/#organization\"},\"alternateName\":\"Zebra Accelerator\",\"potentialAction\":[{\"@type\":\"SearchAction\",\"target\":{\"@type\":\"EntryPoint\",\"urlTemplate\":\"https:\/\/zebra-startups.de\/?s={search_term_string}\"},\"query-input\":\"required name=search_term_string\"}],\"inLanguage\":\"en-GB\"},{\"@type\":\"Organization\",\"@id\":\"https:\/\/zebra-startups.de\/#organization\",\"name\":\"Zebrac\",\"alternateName\":\"Zebra Accelerator\",\"url\":\"https:\/\/zebra-startups.de\/\",\"logo\":{\"@type\":\"ImageObject\",\"inLanguage\":\"en-GB\",\"@id\":\"https:\/\/zebra-startups.de\/#\/schema\/logo\/image\/\",\"url\":\"https:\/\/zebrac.de\/wp-content\/uploads\/2019\/03\/RGB_bw.png\",\"contentUrl\":\"https:\/\/zebrac.de\/wp-content\/uploads\/2019\/03\/RGB_bw.png\",\"width\":332,\"height\":324,\"caption\":\"Zebrac\"},\"image\":{\"@id\":\"https:\/\/zebra-startups.de\/#\/schema\/logo\/image\/\"}}]}<\/script>\n<!-- \/ Yoast SEO plugin. -->","yoast_head_json":{"title":"Mitgliederbereich - ZEBRA Startups","robots":{"index":"index","follow":"follow","max-snippet":"max-snippet:-1","max-image-preview":"max-image-preview:large","max-video-preview":"max-video-preview:-1"},"canonical":"https:\/\/zebra-startups.de\/en\/mitgliederbereich\/","og_locale":"en_GB","og_type":"article","og_title":"Mitgliederbereich - ZEBRA Startups","og_description":"Hier findet ihr alle Unterlagen, Pr\u00e4sentationen und Fotos zu eurem Programm.So war der Kick-Off! Hier einige Eindr\u00fccke von unserem ersten Treffen. Sch\u00f6n, dass ihr da wart!Workshop, 10. September 2024 Orientierung: Stakeholder und Visionen, Dominik Kretschmar, Hochschule D\u00fcsseldorfWorkshop, 12. September 2024 Gestaltung nachhaltiger Lieferketten, Prof. Dr. Lisa Fr\u00f6hlich, ispira Think TankHier geht's zur Aufzeichung des Workshops.\u00a0Workshop, [&hellip;]","og_url":"https:\/\/zebra-startups.de\/en\/mitgliederbereich\/","og_site_name":"ZEBRA Startups","article_modified_time":"2024-09-25T11:28:56+00:00","og_image":[{"width":332,"height":324,"url":"https:\/\/zebra-startups.de\/wp-content\/uploads\/2019\/03\/RGB_bw.png","type":"image\/png"}],"twitter_card":"summary_large_image","schema":{"@context":"https:\/\/schema.org","@graph":[{"@type":"WebPage","@id":"https:\/\/zebra-startups.de\/mitgliederbereich\/","url":"https:\/\/zebra-startups.de\/mitgliederbereich\/","name":"Mitgliederbereich - ZEBRA Startups","isPartOf":{"@id":"https:\/\/zebra-startups.de\/#website"},"datePublished":"2024-03-22T09:57:00+00:00","dateModified":"2024-09-25T11:28:56+00:00","breadcrumb":{"@id":"https:\/\/zebra-startups.de\/mitgliederbereich\/#breadcrumb"},"inLanguage":"en-GB","potentialAction":[{"@type":"ReadAction","target":["https:\/\/zebra-startups.de\/mitgliederbereich\/"]}]},{"@type":"BreadcrumbList","@id":"https:\/\/zebra-startups.de\/mitgliederbereich\/#breadcrumb","itemListElement":[{"@type":"ListItem","position":1,"name":"Startseite","item":"https:\/\/zebra-startups.de\/"},{"@type":"ListItem","position":2,"name":"Mitgliederbereich"}]},{"@type":"WebSite","@id":"https:\/\/zebra-startups.de\/#website","url":"https:\/\/zebra-startups.de\/","name":"ZEBRA Startups","description":"by Startup Village J\u00fclich","publisher":{"@id":"https:\/\/zebra-startups.de\/#organization"},"alternateName":"Zebra Accelerator","potentialAction":[{"@type":"SearchAction","target":{"@type":"EntryPoint","urlTemplate":"https:\/\/zebra-startups.de\/?s={search_term_string}"},"query-input":"required name=search_term_string"}],"inLanguage":"en-GB"},{"@type":"Organization","@id":"https:\/\/zebra-startups.de\/#organization","name":"Zebrac","alternateName":"Zebra Accelerator","url":"https:\/\/zebra-startups.de\/","logo":{"@type":"ImageObject","inLanguage":"en-GB","@id":"https:\/\/zebra-startups.de\/#\/schema\/logo\/image\/","url":"https:\/\/zebrac.de\/wp-content\/uploads\/2019\/03\/RGB_bw.png","contentUrl":"https:\/\/zebrac.de\/wp-content\/uploads\/2019\/03\/RGB_bw.png","width":332,"height":324,"caption":"Zebrac"},"image":{"@id":"https:\/\/zebra-startups.de\/#\/schema\/logo\/image\/"}}]}},"_links":{"self":[{"href":"https:\/\/zebra-startups.de\/en\/wp-json\/wp\/v2\/pages\/2397","targetHints":{"allow":["GET"]}}],"collection":[{"href":"https:\/\/zebra-startups.de\/en\/wp-json\/wp\/v2\/pages"}],"about":[{"href":"https:\/\/zebra-startups.de\/en\/wp-json\/wp\/v2\/types\/page"}],"author":[{"embeddable":true,"href":"https:\/\/zebra-startups.de\/en\/wp-json\/wp\/v2\/users\/9"}],"replies":[{"embeddable":true,"href":"https:\/\/zebra-startups.de\/en\/wp-json\/wp\/v2\/comments?post=2397"}],"version-history":[{"count":30,"href":"https:\/\/zebra-startups.de\/en\/wp-json\/wp\/v2\/pages\/2397\/revisions"}],"predecessor-version":[{"id":3331,"href":"https:\/\/zebra-startups.de\/en\/wp-json\/wp\/v2\/pages\/2397\/revisions\/3331"}],"wp:attachment":[{"href":"https:\/\/zebra-startups.de\/en\/wp-json\/wp\/v2\/media?parent=2397"}],"curies":[{"name":"wp","href":"https:\/\/api.w.org\/{rel}","templated":true}]}}