{"id":1654,"date":"2023-06-26T15:16:43","date_gmt":"2023-06-26T13:16:43","guid":{"rendered":"https:\/\/zebrac.de\/?page_id=1654"},"modified":"2024-07-16T10:31:05","modified_gmt":"2024-07-16T08:31:05","slug":"faqs","status":"publish","type":"page","link":"https:\/\/zebra-startups.de\/en\/faqs\/","title":{"rendered":"FAQs"},"content":{"rendered":"<p>[et_pb_section fb_built=&#8220;1&#8243; _builder_version=&#8220;4.21.0&#8243; background_enable_color=&#8220;off&#8220; background_image=&#8220;https:\/\/zebrac.de\/wp-content\/uploads\/2023\/06\/pexels-ann-h-11183364-scaled.jpg&#8220; background_position=&#8220;top_left&#8220; background_vertical_offset=&#8220;37%&#8220; background_blend=&#8220;hard-light&#8220; height=&#8220;360px&#8220; global_colors_info=&#8220;{}&#8220;][et_pb_row _builder_version=&#8220;4.20.4&#8243; global_colors_info=&#8220;{}&#8220;][et_pb_column type=&#8220;4_4&#8243; _builder_version=&#8220;4.16&#8243; global_colors_info=&#8220;{}&#8220;][\/et_pb_column][\/et_pb_row][et_pb_row _builder_version=&#8220;4.20.4&#8243; global_colors_info=&#8220;{}&#8220;][et_pb_column type=&#8220;4_4&#8243; _builder_version=&#8220;4.16&#8243; global_colors_info=&#8220;{}&#8220;][\/et_pb_column][\/et_pb_row][\/et_pb_section][et_pb_section fb_built=&#8220;1&#8243; _builder_version=&#8220;4.20.4&#8243; _module_preset=&#8220;default&#8220; global_colors_info=&#8220;{}&#8220;][et_pb_row _builder_version=&#8220;4.20.4&#8243; global_colors_info=&#8220;{}&#8220;][et_pb_column type=&#8220;4_4&#8243; _builder_version=&#8220;4.16&#8243; global_colors_info=&#8220;{}&#8220;][dnxte_multi_heading text_two=&#8220;FAQs&#8220; _builder_version=&#8220;4.24.2&#8243; _module_preset=&#8220;default&#8220; text_one_font=&#8220;|600|||||||&#8220; text_one_font_size=&#8220;40px&#8220; text_two_font=&#8220;|600|||||||&#8220; text_two_text_color=&#8220;#8c52ff&#8220; text_two_font_size=&#8220;40px&#8220; text_three_font=&#8220;|600|||||||&#8220; text_three_font_size=&#8220;40px&#8220; hover_enabled=&#8220;0&#8243; global_colors_info=&#8220;{}&#8220; sticky_enabled=&#8220;0&#8243;][\/dnxte_multi_heading][\/et_pb_column][\/et_pb_row][et_pb_row module_id=&#8220;FAQs&#8220; _builder_version=&#8220;4.16&#8243; global_colors_info=&#8220;{}&#8220;][et_pb_column type=&#8220;4_4&#8243; _builder_version=&#8220;4.16&#8243; global_colors_info=&#8220;{}&#8220;][et_pb_toggle title=&#8220;Was ist der ZEBRA Accelerator?&#8220; toggle_icon=&#8220;&#xe050;||divi||400&#8243; open_icon_color=&#8220;#8300E9&#8243; open_toggle_icon=&#8220;&#x4f;||divi||400&#8243; open_use_icon_font_size=&#8220;on&#8220; open_icon_font_size=&#8220;25px&#8220; _builder_version=&#8220;4.24.2&#8243; _module_preset=&#8220;default&#8220; title_font=&#8220;|600|||||||&#8220; title_font_size=&#8220;20px&#8220; body_line_height=&#8220;1.5em&#8220; border_width_all=&#8220;0px&#8220; border_width_bottom=&#8220;1px&#8220; border_color_bottom=&#8220;#8300E9&#8243; global_colors_info=&#8220;{}&#8220;]<\/p>\n<p>Das ZEBRA Accelerator-Programm unterst\u00fctzt Startups mit einem Fokus auf GreenTech sowie Impact-Driven-Entrepreneurship. \u00dcber einen Zeitraum von 100 Tagen arbeiten die Teams aktiv an ihrer Gr\u00fcndungsidee mit dem Ziel des Problem-Solution-Fit. Zudem erhalten sie Coachings zu verschiedensten Themen, ein pers\u00f6nliches Mentoring, Zugang zum ersten GreenTech \u00d6kosystem im Rheinischen Revier und werden Teil der ZEBRA Community. Am finalen Demo Day haben die Teams die Chance auf ein Preisgeld sowie eine 3-monatige Mitgliedschaft im Startup Village.<\/p>\n<p>[\/et_pb_toggle][et_pb_toggle title=&#8220;Was kostet die Teilnahme?&#8220; toggle_icon=&#8220;&#xe050;||divi||400&#8243; open_icon_color=&#8220;#8300E9&#8243; open_toggle_icon=&#8220;&#x4f;||divi||400&#8243; open_use_icon_font_size=&#8220;on&#8220; open_icon_font_size=&#8220;25px&#8220; _builder_version=&#8220;4.20.4&#8243; _module_preset=&#8220;default&#8220; title_font=&#8220;|600|||||||&#8220; title_font_size=&#8220;20px&#8220; body_line_height=&#8220;1.5em&#8220; border_width_all=&#8220;0px&#8220; border_width_bottom=&#8220;1px&#8220; border_color_bottom=&#8220;#8300E9&#8243; global_colors_info=&#8220;{}&#8220;]<\/p>\n<p>Die Teilnahme am Zebra Accelerator ist kostenlos.<\/p>\n<p>[\/et_pb_toggle][et_pb_toggle title=&#8220;Muss ich Teil eines Teams sein, um mich bewerben zu k\u00f6nnen?&#8220; toggle_icon=&#8220;&#xe050;||divi||400&#8243; open_icon_color=&#8220;#8300E9&#8243; open_toggle_icon=&#8220;&#x4f;||divi||400&#8243; open_use_icon_font_size=&#8220;on&#8220; open_icon_font_size=&#8220;25px&#8220; _builder_version=&#8220;4.20.4&#8243; _module_preset=&#8220;default&#8220; title_font=&#8220;|600|||||||&#8220; title_font_size=&#8220;20px&#8220; body_line_height=&#8220;1.5em&#8220; border_width_all=&#8220;0px&#8220; border_width_bottom=&#8220;1px&#8220; border_color_bottom=&#8220;#8300E9&#8243; global_colors_info=&#8220;{}&#8220;]<\/p>\n<p>Nein, das ist nicht zwingend erforderlich. Du kannst dich auch als Einzelperson bewerben. Wir empfehlen jedoch eine Bewerbung mit einem Gr\u00fcnderteam, das mit seinen unterschiedlichen Kompetenzen und Erfahrungen alle relevanten Bereiche abdecken kann.\u00a0<\/p>\n<p>[\/et_pb_toggle][et_pb_toggle title=&#8220;K\u00f6nnen wir uns bewerben, auch wenn wir bereits gegr\u00fcndet sind?&#8220; toggle_icon=&#8220;&#xe050;||divi||400&#8243; open_icon_color=&#8220;#8300E9&#8243; open_toggle_icon=&#8220;&#x4f;||divi||400&#8243; open_use_icon_font_size=&#8220;on&#8220; open_icon_font_size=&#8220;25px&#8220; _builder_version=&#8220;4.20.4&#8243; _module_preset=&#8220;default&#8220; title_font=&#8220;|600|||||||&#8220; title_font_size=&#8220;20px&#8220; body_line_height=&#8220;1.5em&#8220; border_width_all=&#8220;0px&#8220; border_width_bottom=&#8220;1px&#8220; border_color_bottom=&#8220;#8300E9&#8243; global_colors_info=&#8220;{}&#8220;]<\/p>\n<p>Ob ihr euer Unternehmen schon gegr\u00fcndet habt, spielt zun\u00e4chst keine Rolle f\u00fcr die Bewerbung. Wichtig ist jedoch, wo ihr mit eurer Idee steht. Das Ziel des Programms ist der Problem-Solution-Fit. Solltet ihr dar\u00fcber bereits hinaus sein, ist eine Bewerbung nicht m\u00f6glich. Zudem werden auch einige gr\u00fcndungsrelevante Themen behandelt, die f\u00fcr euch dann gegebenenfalls uninteressant sein k\u00f6nnen.<\/p>\n<p>[\/et_pb_toggle][et_pb_toggle title=&#8220;M\u00fcssen wir Anteile abgeben, um am Programm teilzunehmen?&#8220; toggle_icon=&#8220;&#xe050;||divi||400&#8243; open_icon_color=&#8220;#8300E9&#8243; open_toggle_icon=&#8220;&#x4f;||divi||400&#8243; open_use_icon_font_size=&#8220;on&#8220; open_icon_font_size=&#8220;25px&#8220; _builder_version=&#8220;4.20.4&#8243; _module_preset=&#8220;default&#8220; title_font=&#8220;|600|||||||&#8220; title_font_size=&#8220;20px&#8220; body_line_height=&#8220;1.5em&#8220; border_width_all=&#8220;0px&#8220; border_width_bottom=&#8220;1px&#8220; border_color_bottom=&#8220;#8300E9&#8243; global_colors_info=&#8220;{}&#8220;]<\/p>\n<p>Nein, der Zebra Accelerator ist kostenlos und es werden euch auch keine Anteile weggenommen.<\/p>\n<p>[\/et_pb_toggle][et_pb_toggle title=&#8220;Was ist die Hauptsprache des Programms?&#8220; toggle_icon=&#8220;&#xe050;||divi||400&#8243; open_icon_color=&#8220;#8300E9&#8243; open_toggle_icon=&#8220;&#x4f;||divi||400&#8243; open_use_icon_font_size=&#8220;on&#8220; open_icon_font_size=&#8220;25px&#8220; _builder_version=&#8220;4.24.2&#8243; _module_preset=&#8220;default&#8220; title_font=&#8220;|600|||||||&#8220; title_font_size=&#8220;20px&#8220; body_line_height=&#8220;1.5em&#8220; border_width_all=&#8220;0px&#8220; border_width_bottom=&#8220;1px&#8220; border_color_bottom=&#8220;#8300E9&#8243; global_colors_info=&#8220;{}&#8220;]<\/p>\n<p>Die Hauptsprache wird vorerst ausschlie\u00dflich Deutsch sein.<\/p>\n<p>[\/et_pb_toggle][et_pb_toggle title=&#8220;Wie weit muss unsere Idee entwickelt sein?&#8220; toggle_icon=&#8220;&#xe050;||divi||400&#8243; open_icon_color=&#8220;#8300E9&#8243; open_toggle_icon=&#8220;&#x4f;||divi||400&#8243; open_use_icon_font_size=&#8220;on&#8220; open_icon_font_size=&#8220;25px&#8220; _builder_version=&#8220;4.20.4&#8243; _module_preset=&#8220;default&#8220; title_font=&#8220;|600|||||||&#8220; title_font_size=&#8220;20px&#8220; body_line_height=&#8220;1.5em&#8220; border_width_all=&#8220;0px&#8220; border_width_bottom=&#8220;1px&#8220; border_color_bottom=&#8220;#8300E9&#8243; global_colors_info=&#8220;{}&#8220;]<\/p>\n<p>There should be an idea and ideally an initial prototype of the product, which falls thematically into the fields of Impact and GreenTech.<\/p>\n<p>[\/et_pb_toggle][et_pb_toggle title=&#8220;Muss ich w\u00e4hrend des kompletten Programms vor Ort sein?&#8220; toggle_icon=&#8220;&#xe050;||divi||400&#8243; open_icon_color=&#8220;#8300E9&#8243; open_toggle_icon=&#8220;&#x4f;||divi||400&#8243; open_use_icon_font_size=&#8220;on&#8220; open_icon_font_size=&#8220;25px&#8220; _builder_version=&#8220;4.20.4&#8243; _module_preset=&#8220;default&#8220; title_font=&#8220;|600|||||||&#8220; title_font_size=&#8220;20px&#8220; body_line_height=&#8220;1.5em&#8220; border_width_all=&#8220;0px&#8220; border_width_bottom=&#8220;1px&#8220; border_color_bottom=&#8220;#8300E9&#8243; global_colors_info=&#8220;{}&#8220;]<\/p>\n<p>Das Programm wird hybrid stattfinden, sodass du nicht f\u00fcr alle Coachings vor Ort sein musst. Es gibt jedoch auch Veranstaltungen wie z.B. das Kick-Off Event oder den Demo Day, bei denen eine Anwesenheit vor Ort in J\u00fclich vorausgesetzt wird.<\/p>\n<p>[\/et_pb_toggle][et_pb_toggle title=&#8220;Sind wir f\u00fcr das Zebra Accelerator Programm qualifiziert?&#8220; toggle_icon=&#8220;&#xe050;||divi||400&#8243; open_icon_color=&#8220;#8300E9&#8243; open_toggle_icon=&#8220;&#x4f;||divi||400&#8243; open_use_icon_font_size=&#8220;on&#8220; open_icon_font_size=&#8220;25px&#8220; _builder_version=&#8220;4.24.2&#8243; _module_preset=&#8220;default&#8220; title_font=&#8220;|600|||||||&#8220; title_font_size=&#8220;20px&#8220; body_line_height=&#8220;1.5em&#8220; border_width_all=&#8220;0px&#8220; border_width_bottom=&#8220;1px&#8220; border_color_bottom=&#8220;#8300E9&#8243; global_colors_info=&#8220;{}&#8220;]<\/p>\n<p>Euer Team ist qualifiziert, wenn ihr folgende Punkte erf\u00fcllt:<\/p>\n<p>&#8211;<span>Eure Idee hat einen klaren GreenTech- oder Impact-Fokus und soll einen nachhaltigen Beitrag leisten.<\/span><\/p>\n<p>&#8211;<span>You are a team of perfectly complementary skills with a promising business idea that you want to develop further.<\/span><span><\/span><\/p>\n<p>-Ihr seid<span> in NRW ans\u00e4ssig oder habt vor euer Unternehmen hier zu gr\u00fcnden.<\/span><span><\/span><\/p>\n<p><span><\/span><\/p>\n<p>[\/et_pb_toggle][et_pb_toggle title=&#8220;Wie und wann k\u00f6nnen wir uns bewerben?&#8220; toggle_icon=&#8220;&#xe050;||divi||400&#8243; open_icon_color=&#8220;#8300E9&#8243; open_toggle_icon=&#8220;&#x4f;||divi||400&#8243; open_use_icon_font_size=&#8220;on&#8220; open_icon_font_size=&#8220;25px&#8220; _builder_version=&#8220;4.21.0&#8243; _module_preset=&#8220;default&#8220; title_font=&#8220;|600|||||||&#8220; title_font_size=&#8220;20px&#8220; body_line_height=&#8220;1.5em&#8220; border_width_all=&#8220;0px&#8220; border_width_bottom=&#8220;1px&#8220; border_color_bottom=&#8220;#8300E9&#8243; global_colors_info=&#8220;{}&#8220;]<\/p>\n<p>Wir haben f\u00fcr alle Programme mehrere Bewerbungsphasen im Jahr.<\/p>\n<p>Aktuell kannst du dich <a href=\"https:\/\/forms.gle\/BsSogGttswgeCNDS9\">hier<\/a> f\u00fcr den ZEBRA Accelerator bewerben!<\/p>\n<p>[\/et_pb_toggle][et_pb_toggle title=&#8220;Wann endet die Bewerbungsfrist?&#8220; toggle_icon=&#8220;&#xe050;||divi||400&#8243; open_icon_color=&#8220;#8300E9&#8243; open_toggle_icon=&#8220;&#x4f;||divi||400&#8243; open_use_icon_font_size=&#8220;on&#8220; open_icon_font_size=&#8220;25px&#8220; _builder_version=&#8220;4.24.2&#8243; _module_preset=&#8220;default&#8220; title_font=&#8220;|600|||||||&#8220; title_font_size=&#8220;20px&#8220; body_line_height=&#8220;1.5em&#8220; border_width_all=&#8220;0px&#8220; border_width_bottom=&#8220;1px&#8220; border_color_bottom=&#8220;#8300E9&#8243; global_colors_info=&#8220;{}&#8220;]<\/p>\n<p>Die Bewerbungsphase f\u00fcr Batch #3 endet am 12.08.2024. Danach kann eure Bewerbung nicht mehr f\u00fcr das anstehenden Batch des Zebra Accelerators ber\u00fccksichtigt werden. Ihr habt jedoch die M\u00f6glichkeit euch auf die Warteliste f\u00fcr den n\u00e4chsten Programmdurchlauf zu setzen. F\u00fcllt dazu einfach das Kontaktformular aus.<\/p>\n<p>[\/et_pb_toggle][et_pb_toggle title=&#8220;Wie l\u00e4uft der Bewerbungsprozess ab?&#8220; toggle_icon=&#8220;&#xe050;||divi||400&#8243; open_icon_color=&#8220;#8300E9&#8243; open_toggle_icon=&#8220;&#x4f;||divi||400&#8243; open_use_icon_font_size=&#8220;on&#8220; open_icon_font_size=&#8220;25px&#8220; _builder_version=&#8220;4.24.2&#8243; _module_preset=&#8220;default&#8220; title_font=&#8220;|600|||||||&#8220; title_font_size=&#8220;20px&#8220; body_line_height=&#8220;1.5em&#8220; border_width_all=&#8220;0px&#8220; border_width_bottom=&#8220;1px&#8220; border_color_bottom=&#8220;#8300E9&#8243; global_colors_info=&#8220;{}&#8220;]<\/p>\n<p>Once we have received your application, we will evaluate it internally. We will treat your data with the utmost care. It is important that you write a brief description of your startup that is as detailed as possible.<\/p>\n<p>After an initial pre-selection, the selected teams will be invited to a short interview where you will get to know us and the program better.<\/p>\n<p>Up to ten teams will be selected from all applications<\/p>\n<p>[\/et_pb_toggle][et_pb_toggle title=&#8220;Wann erfahre ich, ob ich f\u00fcr das Programm ausgew\u00e4hlt wurde?&#8220; toggle_icon=&#8220;&#xe050;||divi||400&#8243; open_icon_color=&#8220;#8300E9&#8243; open_toggle_icon=&#8220;&#x4f;||divi||400&#8243; open_use_icon_font_size=&#8220;on&#8220; open_icon_font_size=&#8220;25px&#8220; _builder_version=&#8220;4.24.2&#8243; _module_preset=&#8220;default&#8220; title_font=&#8220;|600|||||||&#8220; title_font_size=&#8220;20px&#8220; body_line_height=&#8220;1.5em&#8220; border_width_all=&#8220;0px&#8220; border_width_bottom=&#8220;1px&#8220; border_color_bottom=&#8220;#8300E9&#8243; global_colors_info=&#8220;{}&#8220;]<\/p>\n<p>As soon as we have made a selection of teams, we will contact you by email and let you know if you have made it into the program.<\/p>\n<p>[\/et_pb_toggle][\/et_pb_column][\/et_pb_row][\/et_pb_section][et_pb_section fb_built=&#8220;1&#8243; _builder_version=&#8220;4.20.4&#8243; _module_preset=&#8220;default&#8220; background_color=&#8220;rgba(199,255,71,0.15)&#8220; global_colors_info=&#8220;{}&#8220;][et_pb_row _builder_version=&#8220;4.21.0&#8243; _module_preset=&#8220;default&#8220; global_colors_info=&#8220;{}&#8220;][et_pb_column type=&#8220;4_4&#8243; _builder_version=&#8220;4.21.0&#8243; _module_preset=&#8220;default&#8220; global_colors_info=&#8220;{}&#8220;][et_pb_text _builder_version=&#8220;4.21.0&#8243; _module_preset=&#8220;default&#8220; global_colors_info=&#8220;{}&#8220;]<\/p>\n<h5><strong>Du hast noch eine Frage? Dann melde dich bei unserer Accelerator-Managerin <a href=\"mailto: fcarlhoff@brainergy-park.de\">Flora Carlhoff<\/a>.<\/strong><\/h5>\n<p>[\/et_pb_text][\/et_pb_column][\/et_pb_row][\/et_pb_section]<\/p>","protected":false},"excerpt":{"rendered":"<p><div class=\"et_pb_module dnxte_multi_heading dnxte_multi_heading_0\">\n\t\t\t\t\n\t\t\t\t\n\t\t\t\t\n\t\t\t\t\n\t\t\t\t\n\t\t\t\t\n\t\t\t\t<div class=\"et_pb_module_inner\">\n\t\t\t\t\t<div class=\"wrapper\"><h1 class='header-level'><span class=\"dnxt-text-two\"><span class=\"dnxt-gradient-text-color-2\">FAQs<\/span><\/span><\/h1><\/div>\n\t\t\t\t<\/div>\n\t\t\t<\/div>Das ZEBRA Accelerator-Programm unterst\u00fctzt Startups mit einem Fokus auf GreenTech sowie Impact-Driven-Entrepreneurship. \u00dcber einen Zeitraum von 100 Tagen arbeiten die Teams aktiv an ihrer Gr\u00fcndungsidee mit dem Ziel des Problem-Solution-Fit. Zudem erhalten sie Coachings zu verschiedensten Themen, ein pers\u00f6nliches Mentoring, Zugang zum [&hellip;]<\/p>","protected":false},"author":6,"featured_media":0,"parent":0,"menu_order":0,"comment_status":"closed","ping_status":"closed","template":"","meta":{"_et_pb_use_builder":"on","_et_pb_old_content":"","_et_gb_content_width":"","footnotes":""},"class_list":["post-1654","page","type-page","status-publish","hentry"],"yoast_head":"<!-- This site is optimized with the Yoast SEO plugin v22.1 - https:\/\/yoast.com\/wordpress\/plugins\/seo\/ -->\n<title>FAQs - ZEBRA Startups Accelerator-Programm<\/title>\n<meta name=\"description\" content=\"H\u00e4ufig gestellte Fragen zum ZebrAC Accelerator-Programm f\u00fcr GreenTech-Startups in Nordrhein-Westfalen.\" \/>\n<meta name=\"robots\" content=\"index, follow, max-snippet:-1, max-image-preview:large, max-video-preview:-1\" \/>\n<link rel=\"canonical\" href=\"https:\/\/zebra-startups.de\/en\/faqs\/\" \/>\n<meta property=\"og:locale\" content=\"en_GB\" \/>\n<meta property=\"og:type\" content=\"article\" \/>\n<meta property=\"og:title\" content=\"FAQs - ZEBRA Startups Accelerator-Programm\" \/>\n<meta property=\"og:description\" content=\"H\u00e4ufig gestellte Fragen zum ZebrAC Accelerator-Programm f\u00fcr GreenTech-Startups in Nordrhein-Westfalen.\" \/>\n<meta property=\"og:url\" content=\"https:\/\/zebra-startups.de\/en\/faqs\/\" \/>\n<meta property=\"og:site_name\" content=\"ZEBRA Startups\" \/>\n<meta property=\"article:modified_time\" content=\"2024-07-16T08:31:05+00:00\" \/>\n<meta property=\"og:image\" content=\"https:\/\/zebra-startups.de\/wp-content\/uploads\/2019\/03\/RGB_bw.png\" \/>\n\t<meta property=\"og:image:width\" content=\"332\" \/>\n\t<meta property=\"og:image:height\" content=\"324\" \/>\n\t<meta property=\"og:image:type\" content=\"image\/png\" \/>\n<meta name=\"twitter:card\" content=\"summary_large_image\" \/>\n<meta name=\"twitter:label1\" content=\"Estimated reading time\" \/>\n\t<meta name=\"twitter:data1\" content=\"4 minutes\" \/>\n<script type=\"application\/ld+json\" class=\"yoast-schema-graph\">{\"@context\":\"https:\/\/schema.org\",\"@graph\":[{\"@type\":\"WebPage\",\"@id\":\"https:\/\/zebra-startups.de\/faqs\/\",\"url\":\"https:\/\/zebra-startups.de\/faqs\/\",\"name\":\"FAQs - ZEBRA Startups Accelerator-Programm\",\"isPartOf\":{\"@id\":\"https:\/\/zebra-startups.de\/#website\"},\"datePublished\":\"2023-06-26T13:16:43+00:00\",\"dateModified\":\"2024-07-16T08:31:05+00:00\",\"description\":\"H\u00e4ufig gestellte Fragen zum ZebrAC Accelerator-Programm f\u00fcr GreenTech-Startups in Nordrhein-Westfalen.\",\"breadcrumb\":{\"@id\":\"https:\/\/zebra-startups.de\/faqs\/#breadcrumb\"},\"inLanguage\":\"en-GB\",\"potentialAction\":[{\"@type\":\"ReadAction\",\"target\":[\"https:\/\/zebra-startups.de\/faqs\/\"]}]},{\"@type\":\"BreadcrumbList\",\"@id\":\"https:\/\/zebra-startups.de\/faqs\/#breadcrumb\",\"itemListElement\":[{\"@type\":\"ListItem\",\"position\":1,\"name\":\"Startseite\",\"item\":\"https:\/\/zebra-startups.de\/\"},{\"@type\":\"ListItem\",\"position\":2,\"name\":\"FAQs\"}]},{\"@type\":\"WebSite\",\"@id\":\"https:\/\/zebra-startups.de\/#website\",\"url\":\"https:\/\/zebra-startups.de\/\",\"name\":\"ZEBRA Startups\",\"description\":\"by Startup Village J\u00fclich\",\"publisher\":{\"@id\":\"https:\/\/zebra-startups.de\/#organization\"},\"alternateName\":\"Zebra Accelerator\",\"potentialAction\":[{\"@type\":\"SearchAction\",\"target\":{\"@type\":\"EntryPoint\",\"urlTemplate\":\"https:\/\/zebra-startups.de\/?s={search_term_string}\"},\"query-input\":\"required name=search_term_string\"}],\"inLanguage\":\"en-GB\"},{\"@type\":\"Organization\",\"@id\":\"https:\/\/zebra-startups.de\/#organization\",\"name\":\"Zebrac\",\"alternateName\":\"Zebra Accelerator\",\"url\":\"https:\/\/zebra-startups.de\/\",\"logo\":{\"@type\":\"ImageObject\",\"inLanguage\":\"en-GB\",\"@id\":\"https:\/\/zebra-startups.de\/#\/schema\/logo\/image\/\",\"url\":\"https:\/\/zebrac.de\/wp-content\/uploads\/2019\/03\/RGB_bw.png\",\"contentUrl\":\"https:\/\/zebrac.de\/wp-content\/uploads\/2019\/03\/RGB_bw.png\",\"width\":332,\"height\":324,\"caption\":\"Zebrac\"},\"image\":{\"@id\":\"https:\/\/zebra-startups.de\/#\/schema\/logo\/image\/\"}}]}<\/script>\n<!-- \/ Yoast SEO plugin. -->","yoast_head_json":{"title":"FAQs - ZEBRA Startups Accelerator-Programm","description":"H\u00e4ufig gestellte Fragen zum ZebrAC Accelerator-Programm f\u00fcr GreenTech-Startups in Nordrhein-Westfalen.","robots":{"index":"index","follow":"follow","max-snippet":"max-snippet:-1","max-image-preview":"max-image-preview:large","max-video-preview":"max-video-preview:-1"},"canonical":"https:\/\/zebra-startups.de\/en\/faqs\/","og_locale":"en_GB","og_type":"article","og_title":"FAQs - ZEBRA Startups Accelerator-Programm","og_description":"H\u00e4ufig gestellte Fragen zum ZebrAC Accelerator-Programm f\u00fcr GreenTech-Startups in Nordrhein-Westfalen.","og_url":"https:\/\/zebra-startups.de\/en\/faqs\/","og_site_name":"ZEBRA Startups","article_modified_time":"2024-07-16T08:31:05+00:00","og_image":[{"width":332,"height":324,"url":"https:\/\/zebra-startups.de\/wp-content\/uploads\/2019\/03\/RGB_bw.png","type":"image\/png"}],"twitter_card":"summary_large_image","twitter_misc":{"Estimated reading time":"4 minutes"},"schema":{"@context":"https:\/\/schema.org","@graph":[{"@type":"WebPage","@id":"https:\/\/zebra-startups.de\/faqs\/","url":"https:\/\/zebra-startups.de\/faqs\/","name":"FAQs - ZEBRA Startups Accelerator-Programm","isPartOf":{"@id":"https:\/\/zebra-startups.de\/#website"},"datePublished":"2023-06-26T13:16:43+00:00","dateModified":"2024-07-16T08:31:05+00:00","description":"H\u00e4ufig gestellte Fragen zum ZebrAC Accelerator-Programm f\u00fcr GreenTech-Startups in Nordrhein-Westfalen.","breadcrumb":{"@id":"https:\/\/zebra-startups.de\/faqs\/#breadcrumb"},"inLanguage":"en-GB","potentialAction":[{"@type":"ReadAction","target":["https:\/\/zebra-startups.de\/faqs\/"]}]},{"@type":"BreadcrumbList","@id":"https:\/\/zebra-startups.de\/faqs\/#breadcrumb","itemListElement":[{"@type":"ListItem","position":1,"name":"Startseite","item":"https:\/\/zebra-startups.de\/"},{"@type":"ListItem","position":2,"name":"FAQs"}]},{"@type":"WebSite","@id":"https:\/\/zebra-startups.de\/#website","url":"https:\/\/zebra-startups.de\/","name":"ZEBRA Startups","description":"by Startup Village J\u00fclich","publisher":{"@id":"https:\/\/zebra-startups.de\/#organization"},"alternateName":"Zebra Accelerator","potentialAction":[{"@type":"SearchAction","target":{"@type":"EntryPoint","urlTemplate":"https:\/\/zebra-startups.de\/?s={search_term_string}"},"query-input":"required name=search_term_string"}],"inLanguage":"en-GB"},{"@type":"Organization","@id":"https:\/\/zebra-startups.de\/#organization","name":"Zebrac","alternateName":"Zebra Accelerator","url":"https:\/\/zebra-startups.de\/","logo":{"@type":"ImageObject","inLanguage":"en-GB","@id":"https:\/\/zebra-startups.de\/#\/schema\/logo\/image\/","url":"https:\/\/zebrac.de\/wp-content\/uploads\/2019\/03\/RGB_bw.png","contentUrl":"https:\/\/zebrac.de\/wp-content\/uploads\/2019\/03\/RGB_bw.png","width":332,"height":324,"caption":"Zebrac"},"image":{"@id":"https:\/\/zebra-startups.de\/#\/schema\/logo\/image\/"}}]}},"_links":{"self":[{"href":"https:\/\/zebra-startups.de\/en\/wp-json\/wp\/v2\/pages\/1654","targetHints":{"allow":["GET"]}}],"collection":[{"href":"https:\/\/zebra-startups.de\/en\/wp-json\/wp\/v2\/pages"}],"about":[{"href":"https:\/\/zebra-startups.de\/en\/wp-json\/wp\/v2\/types\/page"}],"author":[{"embeddable":true,"href":"https:\/\/zebra-startups.de\/en\/wp-json\/wp\/v2\/users\/6"}],"replies":[{"embeddable":true,"href":"https:\/\/zebra-startups.de\/en\/wp-json\/wp\/v2\/comments?post=1654"}],"version-history":[{"count":26,"href":"https:\/\/zebra-startups.de\/en\/wp-json\/wp\/v2\/pages\/1654\/revisions"}],"predecessor-version":[{"id":2958,"href":"https:\/\/zebra-startups.de\/en\/wp-json\/wp\/v2\/pages\/1654\/revisions\/2958"}],"wp:attachment":[{"href":"https:\/\/zebra-startups.de\/en\/wp-json\/wp\/v2\/media?parent=1654"}],"curies":[{"name":"wp","href":"https:\/\/api.w.org\/{rel}","templated":true}]}}